{"id":2,"date":"2010-11-10T08:39:37","date_gmt":"2010-11-10T08:39:37","guid":{"rendered":"http:\/\/redloungerecords.com\/\/?page_id=2"},"modified":"2020-10-09T12:22:13","modified_gmt":"2020-10-09T12:22:13","slug":"eine-seite","status":"publish","type":"page","link":"http:\/\/redloungerecords.com\/?page_id=2","title":{"rendered":"ABOUT \/ AGB \/ TERMS AND CONDITIONS"},"content":{"rendered":"<p><strong>Add us at <\/strong><a href=\"http:\/\/www.facebook.com\/dixigas \">www.facebook.com\/dixigas<\/a><br>\n<strong>Buy direct at <\/strong><a href=\"http:\/\/shop.redloungerecords.com\" target=\"_new\" rel=\"noopener noreferrer\">shop.redloungerecords.com<\/a><\/p>\n<p>GERMANY: Cargo www.cargo-records.de<br>\nUSA: Goner Records www.goner-records.com<br>\nPSYCH STUFF ONLY: Forced Exposure www.forcedexposure.com<\/p>\n\n\n<p><strong>ALLGEMEINE GESCH\u00c4FTSBEDINGUNGEN<\/strong><\/p>\n\n\n\n<p><strong>1. Geltungsbereich<br><\/strong>Diese Allgemeinen Gesch\u00e4ftsbedingungen (AGB) gelten f\u00fcr alle Gesch\u00e4ftsbeziehungen zwischen Red Lounge Records (Inhaber Martin Christoph) und deren Kunden.<\/p>\n\n\n\n<p><strong>2. Vertragsschluss<br><\/strong> 2.1 Die Darstellung des Sortiments von Red Lounge Records \u00fcber das Internet ist eine unverbindliche Aufforderung an potentielle Kunden, diese Produkte zu bestellen. Indem ein Kunde per Internet, E-Mail, Telefon oder Brief eine Bestellung an Red Lounge Records absendet, gibt er ein verbindliches Angebot auf Abschluss eines Kaufvertrages mit Red Lounge Records ab. Der Kunde erh\u00e4lt eine Best\u00e4tigung des Empfangs der Bestellung per E-Mail (Bestelleingangsbest\u00e4tigung), in der die Bestelldaten aufgef\u00fchrt sind. Diese Bestelleingangsbest\u00e4tigung stellt keine Annahme des Angebots dar und soll nur dar\u00fcber informieren, dass die Bestellung bei Red Lounge Records eingegangen ist.<br>2.2 Der Vertrag mit Red Lounge Records kommt zustande, wenn Red Lounge Records dieses Angebot annimmt, indem Red Lounge Records die Bestellung an den Kunden versendet bzw. den Versand an den Kunden mit einer zweiten E-Mail (Versandbest\u00e4tigung) best\u00e4tigt. \u00dcber Produkte aus ein- und derselben Bestellung, die nicht in der Versandbest\u00e4tigung aufgef\u00fchrt sind, kommt kein Kaufvertrag zustande.<br>2.3 Kann Red Lounge Records das Angebot des Kunden nicht annehmen, wird der Kunde anstelle der Annahme der Bestellung \u00fcber die Nichtverf\u00fcgbarkeit informiert. Bereits erbrachte Gegenleistungen des Kunden werden unverz\u00fcglich erstattet.<\/p>\n\n\n\n<p><strong>3. Lieferung, Versandkosten, Zoll<br><\/strong> 3.1 Red Lounge Records ist zu Teillieferungen und Teilabrechnungen jederzeit berechtigt, sofern diese dem Kunden zumutbar sind. Bei Lieferverz\u00f6gerungen wird der Kunde umgehend von Red Lounge Records informiert.<br>3.2 Die vom Kunden zu zahlenden Versandkosten werden nach dem Auftragswert aus dem Warenkorb ermittelt.<br>3.3 Bei Wareneinfuhren in L\u00e4nder au\u00dferhalb Deutschlands k\u00f6nnen Exportbeschr\u00e4nkungen vorliegen und Einfuhrabgaben anfallen, die der Kunde zu tragen hat.<\/p>\n\n\n\n<p><strong>4. F\u00e4lligkeit, Eigentumsvorbehalt<br><\/strong> 4.1 Der Kaufpreis wird mit der Bestellbest\u00e4tigung f\u00e4llig. Red Lounge Records beh\u00e4lt sich vor, jederzeit eine Vorkasse in H\u00f6he des Auftragswerts zu verlangen.<br>4.2 Bis zur vollst\u00e4ndigen Zahlung bleibt die gelieferte Ware Eigentum von Red Lounge Records.<br>4.3 Der Kunde ist zur Aufrechnung nur berechtigt, sofern und soweit seine Gegenanspr\u00fcche rechtskr\u00e4ftig festgestellt, unbestritten oder von Red Lounge Records anerkannt sind. Zur Aus\u00fcbung eines Zur\u00fcckbehaltungsrechts ist der Kunde nur befugt, wenn sein Gegenanspruch auf demselben Kaufvertrag beruht.<\/p>\n\n\n\n<p><strong>5. Widerrufsrecht<br><\/strong> Das Widerrufsrecht gilt ausschlie\u00dflich f\u00fcr Verbraucher gem\u00e4\u00df \u00a7 13 BGB.<br>Widerrufsbelehrung<br>Widerrufsrecht<br>Sie k\u00f6nnen Ihre Vertragserkl\u00e4rung innerhalb von 14 Tagen ohne Angabe von Gr\u00fcnden in Textform (z. B. Brief, Fax, E-Mail) oder &#8211; wenn Ihnen die Sache vor Fristablauf \u00fcberlassen wird &#8211; durch R\u00fccksendung der Sache widerrufen. Die Frist beginnt nach Erhalt dieser Belehrung in Textform, jedoch nicht vor Eingang der Ware beim Empf\u00e4nger (bei der wiederkehrenden Lieferung gleichartiger Waren nicht vor Eingang der ersten Teillieferung) und auch nicht vor Erf\u00fcllung unserer Informationspflichten gem\u00e4\u00df Artikel 246 \u00a7 2 in Verbindung mit \u00a7 1 Abs. 1 und 2 EGBGB sowie unserer Pflichten gem\u00e4\u00df \u00a7 312e Abs. 1 Satz 1 BGB in Verbindung mit Artikel 246 \u00a7 3 EGBGB. Zur Wahrung der Widerrufsfrist gen\u00fcgt die rechtzeitige Absendung des Widerrufs oder der Sache.<br>Der Widerruf ist zu richten an: Red Lounge Records, Martin Christoph, im Speitel 1, 76229 Karlsruhe, redloungerecords@gmx.de.<br>Im Falle eines wirksamen Widerrufs sind die beiderseits empfangenen Leistungen zur\u00fcckzugew\u00e4hren und ggf. gezogene Nutzungen (z. B. Zinsen) herauszugeben. K\u00f6nnen Sie uns die empfangene Leistung ganz oder teilweise nicht oder nur in verschlechtertem Zustand zur\u00fcckgew\u00e4hren, m\u00fcssen Sie uns insoweit ggf. Wertersatz leisten. Bei der \u00dcberlassung von Sachen gilt dies nicht, wenn die Verschlechterung der Sache ausschlie\u00dflich auf deren Pr\u00fcfung &#8211; wie sie Ihnen etwa im Ladengesch\u00e4ft m\u00f6glich gewesen w\u00e4re &#8211; zur\u00fcckzuf\u00fchren ist. Im \u00dcbrigen k\u00f6nnen Sie die Pflicht zum Wertersatz f\u00fcr eine durch die bestimmungsgem\u00e4\u00dfe Ingebrauchnahme der Sache entstandene Verschlechterung vermeiden, indem Sie die Sache nicht wie Ihr Eigentum in Gebrauch nehmen und alles unterlassen, was deren Wert beeintr\u00e4chtigt.<br>Paketversandf\u00e4hige Sachen sind auf unsere Gefahr zur\u00fcckzusenden. Sie haben die Kosten der R\u00fccksendung zu tragen, wenn die gelieferte Ware der bestellten entspricht und wenn der Preis der zur\u00fcckzusendenden Sache einen Betrag von 40,- \u20ac nicht \u00fcbersteigt oder wenn Sie bei einem h\u00f6heren Preis der Sache zum Zeitpunkt des Widerrufs noch nicht die Gegenleistung oder eine vertraglich vereinbarte Teilzahlung erbracht haben. Anderenfalls ist die R\u00fccksendung f\u00fcr Sie kostenfrei. Nicht paketversandf\u00e4hige Sachen werden bei Ihnen abgeholt. Verpflichtungen zur Erstattung von Zahlungen m\u00fcssen innerhalb von 30 Tagen erf\u00fcllt werden. Die Frist beginnt f\u00fcr Sie mit der Absendung Ihrer Widerrufserkl\u00e4rung oder der Sache, f\u00fcr uns mit deren Empfang.<br>Ende der Widerrufsbelehrung<\/p>\n\n\n\n<p>Hinweise:<br>a) Das Widerrufsrecht ist ausgeschlossen bei Vertr\u00e4gen<br>\u2013 \u00fcber die Lieferung von Waren, die aufgrund ihrer Beschaffenheit nicht f\u00fcr eine R\u00fccksendung geeignet sind (z.B. Downloads);<br>\u2013 \u00fcber die Lieferung von Audio- oder Videoaufzeichnungen oder Software, sofern die gelieferten Tonoder Datentr\u00e4ger vom Kunden entsiegelt worden sind. Im \u00dcbrigen gelten die gesetzlichen Ausnahmen gem\u00e4\u00df \u00a7 312 d Abs. 4 BGB.<br>b) Bei R\u00fccksendungen ohne Produktverpackung hat der Kunde ggf. Wertersatz zu leisten.<\/p>\n\n\n\n<p><strong>6. Gew\u00e4hrleistung, Haftung<br><\/strong>6.1 Red Lounge Records wird f\u00fcr M\u00e4ngel, die bei der \u00dcbergabe der Waren vorhanden sind, im Rahmen der gesetzlichen Bestimmungen einstehen. Bei Vertr\u00e4gen mit Verbrauchern gem\u00e4\u00df \u00a7 13 BGB betr\u00e4gt die Gew\u00e4hrleistungsfrist 2 Jahre ab Ablieferung der Ware.<br>6.2 Bei Bestellungen von Kunden, die gem\u00e4\u00df \u00a7 14 BGB Unternehmer sind, ist die Gew\u00e4hrleistungsfrist auf ein Jahr beschr\u00e4nkt.<br>6.3 Red Lounge Records schlie\u00dft die Haftung f\u00fcr leicht fahrl\u00e4ssige Pflichtverletzungen aus, sofern dies keine Garantien oder vertragswesentlichen Pflichten betrifft (sog. Kardinalpflichten), d.h. Verpflichtungen, deren Erf\u00fcllung die ordnungsgem\u00e4\u00dfe Durchf\u00fchrung des Vertrages \u00fcberhaupt erst erm\u00f6glichen und auf deren Einhaltung der Vertragspartner regelm\u00e4\u00dfig vertraut und vertrauen darf, es nicht um Sch\u00e4den aus der Verletzung des Lebens, des K\u00f6rpers oder der Gesundheit geht. Anspr\u00fcche nach dem Produkthaftungsgesetz unber\u00fchrt bleiben. Gleiches gilt f\u00fcr Pflichtverletzungen unserer Erf\u00fcllungsgehilfen.<\/p>\n\n\n\n<p><strong>7. Datenschutz<br><\/strong>Red Lounge Records verpflichtet sich, die personenbezogenen Daten der Kunden nach den datenschutzrechtlichen Vorgabenvertraulich zu behandeln. Ausk\u00fcnfte \u00fcber gespeicherte Daten von Kunden k\u00f6nnen jederzeit erfragt, ge\u00e4ndert oder gel\u00f6scht werden. Wenden Sie sich hierzu an: Red Lounge Records, Martin Christoph, im Speitel 1, 76229 Karlsruhe, redloungerecords@gmx.de.<\/p>\n\n\n\n<p><strong>8. Anbieter, Vertragspartner<br><\/strong>Red Lounge Records, Martin Christoph, im Speitel 1, 76229 Karlsruhe, redloungerecords@gmx.de. www.redloungerecords.com<br>Vertretungsberechtigter Gesch\u00e4ftsf\u00fchrer: Martin Christoph<br>Inhaltlich Verantwortlicher f\u00fcr den Inhalt dieses Internetauftritts: Martin Christoph.<\/p>\n\n\n\n<p><strong>9. Sonstiges<br><\/strong> 9.1 F\u00fcr die Rechtsbeziehungen der Kunden und Red Lounge Records gilt deutsches Recht ohne die Verweisungsnormen des Internationalen Privatrechts und unter Ausschluss des UNKaufrechts (CISGG). Ist der Kunde Verbraucher kann auch das Recht am Wohnsitz des Kunden anwendbar sein, sofern es sich um zwingende verbraucherrechtliche Bestimmungen handelt.<br>9.2 Sofern der Kunde Kaufmann ist, ist Berlin ausschlie\u00dflicher Gerichtsstand f\u00fcr alle Anspr\u00fcche im Zusammenhang mit der Gesch\u00e4ftsbeziehung.<br>9.3 Sollten ein oder mehrere Bestimmungen dieser allgemeinen Gesch\u00e4ftsbedingungen ganz oder teilweise unwirksam sein oder ihre Rechtswirksamkeit sp\u00e4ter verlieren, so wird hierdurch die Wirksamkeit der Gesch\u00e4ftsbedingungen im \u00dcbrigen nicht ber\u00fchrt.<\/p>\n","protected":false},"excerpt":{"rendered":"<p>Add us at www.facebook.com\/dixigas Buy direct at shop.redloungerecords.com GERMANY: Cargo www.cargo-records.de USA: Goner Records www.goner-records.com PSYCH STUFF ONLY: Forced Exposure www.forcedexposure.com ALLGEMEINE GESCH\u00c4FTSBEDINGUNGEN 1. GeltungsbereichDiese Allgemeinen Gesch\u00e4ftsbedingungen (AGB) gelten f\u00fcr alle Gesch\u00e4ftsbeziehungen zwischen Red Lounge Records (Inhaber Martin Christoph) und deren Kunden. 2. Vertragsschluss 2.1 Die Darstellung des Sortiments von Red Lounge Records \u00fcber das [&hellip;]<\/p>\n","protected":false},"author":1,"featured_media":0,"parent":0,"menu_order":3,"comment_status":"closed","ping_status":"open","template":"","meta":{"_links_to":"","_links_to_target":""},"_links":{"self":[{"href":"http:\/\/redloungerecords.com\/index.php?rest_route=\/wp\/v2\/pages\/2"}],"collection":[{"href":"http:\/\/redloungerecords.com\/index.php?rest_route=\/wp\/v2\/pages"}],"about":[{"href":"http:\/\/redloungerecords.com\/index.php?rest_route=\/wp\/v2\/types\/page"}],"author":[{"embeddable":true,"href":"http:\/\/redloungerecords.com\/index.php?rest_route=\/wp\/v2\/users\/1"}],"replies":[{"embeddable":true,"href":"http:\/\/redloungerecords.com\/index.php?rest_route=%2Fwp%2Fv2%2Fcomments&post=2"}],"version-history":[{"count":10,"href":"http:\/\/redloungerecords.com\/index.php?rest_route=\/wp\/v2\/pages\/2\/revisions"}],"predecessor-version":[{"id":289,"href":"http:\/\/redloungerecords.com\/index.php?rest_route=\/wp\/v2\/pages\/2\/revisions\/289"}],"wp:attachment":[{"href":"http:\/\/redloungerecords.com\/index.php?rest_route=%2Fwp%2Fv2%2Fmedia&parent=2"}],"curies":[{"name":"wp","href":"https:\/\/api.w.org\/{rel}","templated":true}]}}